{"id":21,"date":"2024-10-24T07:06:08","date_gmt":"2024-10-24T07:06:08","guid":{"rendered":"https:\/\/new.aqlix.com\/?page_id=21"},"modified":"2024-12-04T11:58:39","modified_gmt":"2024-12-04T11:58:39","slug":"home","status":"publish","type":"page","link":"https:\/\/aqlix.com\/deutschland\/","title":{"rendered":"Home"},"content":{"rendered":"<h2>Aqlix Wir zeigen den Weg in digitale Innovation f\u00fcr Wachstu<\/h2>\n<p>Steigere das Wachstum deines Unternehmens mit <a href=\"https:\/\/aqlix.com\/deutschland\/\">Aqlix<\/a>&#8216; digitalen L\u00f6sungen. Entdecke IT-L\u00f6sungen, die deine digitale Transformation und deinen Erfolg vorantreiben.<\/p>\n<figure id=\"attachment_13325\" aria-describedby=\"caption-attachment-13325\" style=\"width: 234px\" class=\"wp-caption alignnone\"><img loading=\"lazy\" decoding=\"async\" class=\"size-full wp-image-13325\" src=\"https:\/\/aqlix.com\/deutschland\/wp-content\/uploads\/2024\/11\/aqlix.png\" alt=\"Aqlix: Wir zeigen den Weg in digitale Innovation f\u00fcr Wachstum\" width=\"234\" height=\"110\" \/><figcaption id=\"caption-attachment-13325\" class=\"wp-caption-text\">Aqlix: Wir zeigen den Weg in digitale Innovation f\u00fcr Wachstum<\/figcaption><\/figure>\n","protected":false},"excerpt":{"rendered":"<p>Aqlix Wir zeigen den Weg in digitale Innovation f\u00fcr Wachstu Steigere das Wachstum deines Unternehmens mit Aqlix&#8216; digitalen L\u00f6sungen. Entdecke IT-L\u00f6sungen, die deine digitale Transformation und deinen Erfolg vorantreiben.<\/p>\n","protected":false},"author":1,"featured_media":13325,"parent":0,"menu_order":0,"comment_status":"closed","ping_status":"closed","template":"templates\/homepage.php","meta":{"_acf_changed":false,"footnotes":""},"class_list":["post-21","page","type-page","status-publish","has-post-thumbnail","hentry","entry"],"acf":[],"_links":{"self":[{"href":"https:\/\/aqlix.com\/deutschland\/wp-json\/wp\/v2\/pages\/21","targetHints":{"allow":["GET"]}}],"collection":[{"href":"https:\/\/aqlix.com\/deutschland\/wp-json\/wp\/v2\/pages"}],"about":[{"href":"https:\/\/aqlix.com\/deutschland\/wp-json\/wp\/v2\/types\/page"}],"author":[{"embeddable":true,"href":"https:\/\/aqlix.com\/deutschland\/wp-json\/wp\/v2\/users\/1"}],"replies":[{"embeddable":true,"href":"https:\/\/aqlix.com\/deutschland\/wp-json\/wp\/v2\/comments?post=21"}],"version-history":[{"count":10,"href":"https:\/\/aqlix.com\/deutschland\/wp-json\/wp\/v2\/pages\/21\/revisions"}],"predecessor-version":[{"id":13907,"href":"https:\/\/aqlix.com\/deutschland\/wp-json\/wp\/v2\/pages\/21\/revisions\/13907"}],"wp:featuredmedia":[{"embeddable":true,"href":"https:\/\/aqlix.com\/deutschland\/wp-json\/wp\/v2\/media\/13325"}],"wp:attachment":[{"href":"https:\/\/aqlix.com\/deutschland\/wp-json\/wp\/v2\/media?parent=21"}],"curies":[{"name":"wp","href":"https:\/\/api.w.org\/{rel}","templated":true}]}}